{"id":39,"date":"2015-02-20T10:32:03","date_gmt":"2015-02-20T09:32:03","guid":{"rendered":"http:\/\/www.faszination-pferdundreiterverstehen.de\/?page_id=39"},"modified":"2025-04-11T19:48:01","modified_gmt":"2025-04-11T18:48:01","slug":"news","status":"publish","type":"page","link":"http:\/\/www.faszination-pferdundreiterverstehen.de\/?page_id=39","title":{"rendered":"News"},"content":{"rendered":"<div class=\"xdj266r x11i5rnm xat24cr x1mh8g0r x1vvkbs x126k92a\">\n<div dir=\"auto\">Ich freue mich riesig,<\/div>\n<\/div>\n<div class=\"x11i5rnm xat24cr x1mh8g0r x1vvkbs xtlvy1s x126k92a\">\n<div dir=\"auto\">der HORSETRAIL IM WINKEL<\/div>\n<\/div>\n<div class=\"x11i5rnm xat24cr x1mh8g0r x1vvkbs xtlvy1s x126k92a\">\n<div dir=\"auto\">entsteht in 24800 Elsdorf- Westerm\u00fchlen unter der Leitung von Kyra Sepke und ich darf dort Kurse anbieten. H\u00fcgel und W\u00e4lle in unterschiedlicher H\u00f6he sind schon vorhanden und tolle und abwechslungsreichen Naturtrailhindernisse werden entstehen. Lasst euch \u00fcberraschen. Nat\u00fcrlich ist auch ein super drainierter Reitplatz vorhanden, den wir nutzen k\u00f6nnen<\/div>\n<div dir=\"auto\">Meine Kurse finden am 28.6., 19.7. und 23.8. statt anmelden k\u00f6nnt ihr euch jetzt schon unter 01601847686 oder meike.rohwedder@gmx.de.<span class=\"html-span xexx8yu x4uap5 x18d9i69 xkhd6sd x1hl2dhg x16tdsg8 x1vvkbs x3nfvp2 x1j61x8r x1fcty0u xdj266r xat24cr xgzva0m xhhsvwb xxymvpz xlup9mm x1kky2od\"><img loading=\"lazy\" class=\"xz74otr x168nmei x13lgxp2 x5pf9jr xo71vjh\" src=\"https:\/\/static.xx.fbcdn.net\/images\/emoji.php\/v9\/t87\/1\/16\/1f340.png\" alt=\"&#x1f340;\" width=\"16\" height=\"16\" \/><\/span><span class=\"html-span xexx8yu x4uap5 x18d9i69 xkhd6sd x1hl2dhg x16tdsg8 x1vvkbs x3nfvp2 x1j61x8r x1fcty0u xdj266r xat24cr xgzva0m xhhsvwb xxymvpz xlup9mm x1kky2od\"><img loading=\"lazy\" class=\"xz74otr x168nmei x13lgxp2 x5pf9jr xo71vjh\" src=\"https:\/\/static.xx.fbcdn.net\/images\/emoji.php\/v9\/t3f\/1\/16\/1f3c7.png\" alt=\"&#x1f3c7;\" width=\"16\" height=\"16\" \/><\/span><span class=\"html-span xexx8yu x4uap5 x18d9i69 xkhd6sd x1hl2dhg x16tdsg8 x1vvkbs x3nfvp2 x1j61x8r x1fcty0u xdj266r xat24cr xgzva0m xhhsvwb xxymvpz xlup9mm x1kky2od\"><img loading=\"lazy\" class=\"xz74otr x168nmei x13lgxp2 x5pf9jr xo71vjh\" src=\"https:\/\/static.xx.fbcdn.net\/images\/emoji.php\/v9\/t1\/1\/16\/1f40e.png\" alt=\"&#x1f40e;\" width=\"16\" height=\"16\" \/><\/span><span class=\"html-span xexx8yu x4uap5 x18d9i69 xkhd6sd x1hl2dhg x16tdsg8 x1vvkbs x3nfvp2 x1j61x8r x1fcty0u xdj266r xat24cr xgzva0m xhhsvwb xxymvpz xlup9mm x1kky2od\"><img loading=\"lazy\" class=\"xz74otr x168nmei x13lgxp2 x5pf9jr xo71vjh\" src=\"https:\/\/static.xx.fbcdn.net\/images\/emoji.php\/v9\/t98\/1\/16\/1f49e.png\" alt=\"&#x1f49e;\" width=\"16\" height=\"16\" \/><\/span><\/div>\n<div dir=\"auto\"><\/div>\n<\/div>\n<div class=\"x11i5rnm xat24cr x1mh8g0r x1vvkbs xtlvy1s x126k92a\">\n<div dir=\"auto\">Vielen lieben Dank f\u00fcr diese tolle M\u00f6glichkeit<\/div>\n<\/div>\n<div dir=\"auto\"><\/div>\n<div dir=\"auto\"><\/div>\n<div dir=\"auto\"><\/div>\n<div dir=\"auto\"><\/div>\n<div dir=\"auto\"><\/div>\n<div dir=\"auto\"><\/div>\n<div dir=\"auto\"><\/div>\n<div dir=\"auto\"><\/div>\n<p><strong>Neues zum Seelenfl\u00fcstern : Ich habe eine neue Homepage, schaut doch gerne mal rein: https:\/\/seelenfluestern.biz<\/strong><\/p>\n<p><strong>Aufgrund gesundheitlicher Probleme ist im Winterhalbjahr nur noch Onlineunterricht m\u00f6glich Ihr braucht nur ein Handy und Internetempfang. Wenn ihr dazu Fragen habt, meldet euch gerne<\/strong><\/p>\n<p><strong>&#8211; \u00a0Gutscheine erh\u00e4ltlich: <\/strong><strong>Zu Weihnachten oder anderen Gelegenheiten Gutscheine \u00fcber den &#8222;etwas anderen Reitunterricht&#8220;, Verladetraining, Intensivtraining, Gelassenheitstraining, Bodenarbeit etc. verschenken. Ich komme auch gerne zu ihnen in den Stall.\u00a0<\/strong><\/p>\n<p><strong>Endlich ist es so weit\u00a0<span class=\"_5mfr _47e3\"><img loading=\"lazy\" class=\"img\" src=\"https:\/\/www.facebook.com\/images\/emoji.php\/v9\/f2\/1\/16\/1f60d.png\" alt=\"\" width=\"16\" height=\"16\" \/><span class=\"_7oe\">&#x1f60d;<\/span><\/span>\u00a0ich biete jetzt auch Tierkommunikation an<span class=\"_5mfr _47e3\"><img loading=\"lazy\" class=\"img\" src=\"https:\/\/www.facebook.com\/images\/emoji.php\/v9\/f87\/1\/16\/1f340.png\" alt=\"\" width=\"16\" height=\"16\" \/><span class=\"_7oe\">&#x1f340;<\/span><\/span><span class=\"_5mfr _47e3\"><img loading=\"lazy\" class=\"img\" src=\"https:\/\/www.facebook.com\/images\/emoji.php\/v9\/f98\/1\/16\/1f49e.png\" alt=\"\" width=\"16\" height=\"16\" \/><span class=\"_7oe\">&#x1f49e;<\/span><\/span><span class=\"_5mfr _47e3\"><img loading=\"lazy\" class=\"img\" src=\"https:\/\/www.facebook.com\/images\/emoji.php\/v9\/f94\/1\/16\/1f49a.png\" alt=\"\" width=\"16\" height=\"16\" \/><span class=\"_7oe\">&#x1f49a;<\/span><\/span><span class=\"_5mfr _47e3\"><img loading=\"lazy\" class=\"img\" src=\"https:\/\/www.facebook.com\/images\/emoji.php\/v9\/f1\/1\/16\/1f40e.png\" alt=\"\" width=\"16\" height=\"16\" \/><span class=\"_7oe\">&#x1f40e;<\/span><\/span>. Viele Jahre habe ich mein K\u00f6nnen nur f\u00fcr mich und meine Arbeit genutzt. Ich bin sehr gespannt, was sich jetzt daraus ergibt und freue mich auf viele interessante Gespr\u00e4che mit ihnen und ihren Tieren.<\/strong><\/p>\n<p><strong>\u00a0<\/strong><\/p>\n","protected":false},"excerpt":{"rendered":"<p>Ich freue mich riesig, der HORSETRAIL IM WINKEL entsteht in 24800 Elsdorf- Westerm\u00fchlen unter der Leitung von Kyra Sepke und ich darf dort Kurse anbieten. H\u00fcgel und W\u00e4lle in unterschiedlicher H\u00f6he sind schon vorhanden und tolle und abwechslungsreichen Naturtrailhindernisse werden entstehen. Lasst euch \u00fcberraschen. Nat\u00fcrlich ist auch ein super drainierter Reitplatz vorhanden, den wir nutzen [&hellip;]<\/p>\n","protected":false},"author":1,"featured_media":0,"parent":0,"menu_order":0,"comment_status":"closed","ping_status":"closed","template":"","meta":[],"_links":{"self":[{"href":"http:\/\/www.faszination-pferdundreiterverstehen.de\/index.php?rest_route=\/wp\/v2\/pages\/39"}],"collection":[{"href":"http:\/\/www.faszination-pferdundreiterverstehen.de\/index.php?rest_route=\/wp\/v2\/pages"}],"about":[{"href":"http:\/\/www.faszination-pferdundreiterverstehen.de\/index.php?rest_route=\/wp\/v2\/types\/page"}],"author":[{"embeddable":true,"href":"http:\/\/www.faszination-pferdundreiterverstehen.de\/index.php?rest_route=\/wp\/v2\/users\/1"}],"replies":[{"embeddable":true,"href":"http:\/\/www.faszination-pferdundreiterverstehen.de\/index.php?rest_route=%2Fwp%2Fv2%2Fcomments&post=39"}],"version-history":[{"count":40,"href":"http:\/\/www.faszination-pferdundreiterverstehen.de\/index.php?rest_route=\/wp\/v2\/pages\/39\/revisions"}],"predecessor-version":[{"id":556,"href":"http:\/\/www.faszination-pferdundreiterverstehen.de\/index.php?rest_route=\/wp\/v2\/pages\/39\/revisions\/556"}],"wp:attachment":[{"href":"http:\/\/www.faszination-pferdundreiterverstehen.de\/index.php?rest_route=%2Fwp%2Fv2%2Fmedia&parent=39"}],"curies":[{"name":"wp","href":"https:\/\/api.w.org\/{rel}","templated":true}]}}