{"id":418,"date":"2019-04-07T16:16:09","date_gmt":"2019-04-07T15:16:09","guid":{"rendered":"http:\/\/www.faszination-pferdundreiterverstehen.de\/?page_id=418"},"modified":"2019-04-09T20:13:40","modified_gmt":"2019-04-09T19:13:40","slug":"referenzen","status":"publish","type":"page","link":"http:\/\/www.faszination-pferdundreiterverstehen.de\/?page_id=418","title":{"rendered":"Referenzen"},"content":{"rendered":"<p style=\"font-weight: 400;\">&#8222;Meike unterrichtet mich seid ca 1,5 Jahren mit meiner 6 j\u00e4hrigen Noriker Stute Lotti. Meike hat ein offenes Ohr f\u00fcr meine Fragen, auch zu vielen Themen um die Reiterei und die Pferdegesundheit wei\u00df sie einen kompetenten Rat zu geben.<\/p>\n<p style=\"font-weight: 400;\">\u00a0Lotti und ich \u00a0haben gelernt aus dem Schritt anzugaloppieren, Seiteng\u00e4nge zu absolvieren, und \u00a0uns harmonisch in den Gangarten miteinander uns zu verst\u00e4ndigen.<\/p>\n<p style=\"font-weight: 400;\">Meike hat f\u00fcr unsere Reitsparte Breiholz auch schon zwei abwechslungsreiche Stangenkurse gegeben. Im Bereich Zirkuslektionen zeigte sie mir kleine Tricks, die Lotte und mir Spa\u00df bringen.<\/p>\n<p style=\"font-weight: 400;\">Mir gef\u00e4llt der Unterricht bei Meike sehr gut, weil sie mein Pferd und mich h\u00e4ufig lobt und jede Stunde abwechslungsreich und mit \u00a0vielen \u00dcbungen gespickt ist.&#8220;<\/p>\n<p style=\"font-weight: 400;\">(Karin Masch)<\/p>\n<p style=\"font-weight: 400;\">\u00a0 \u00a0 \u00a0 \u00a0 \u00a0 \u00a0 \u00a0 \u00a0 \u00a0 \u00a0 \u00a0 \u00a0 \u00a0&#8212;&#8212;&#8212;&#8212;&#8212;&#8212;&#8212;&#8212;&#8212;&#8212;&#8212;&#8212;&#8212;&#8212;&#8212;&#8212;&#8212;&#8211;<\/p>\n<p style=\"font-weight: 400;\">&#8222;Janine N. aus Geltorf<\/p>\n<p>Mein Tinkerwallach und ich reiten seit mehreren Jahren bei Meike im Unterricht. Uns ist Meike damals empfohlen worden weil wir immer wieder Vertrauensprobleme miteinander hatten. Da ich eine sehr \u00e4ngstliche Reiterin bin, ist mein sehr sensibles Pferd damit oftmals \u00fcberfordert.<\/p>\n<p>Meike versteht es hervorragend uns als Pferd-Reiterpaar in die Seele zu schauen. Sie besitzt sehr gute Kenntnisse aus verschiedenen Reitweisen, zeigt ein sehr gutes Einf\u00fchlungsverm\u00f6gen und besitzt viel Geduld und Verst\u00e4ndnis. Sie unterst\u00fctzt uns beide sehr in der Kommunikation miteinander. Sie hilft uns gegenseitiges Vertrauen aufzubauen und unsere verschiedenen Sprachen \u201everstehen\u201c zu lernen. Mir als Mensch gibt Meike wirklich viel Sicherheit und wir f\u00fchlen uns hervorragend von ihr betreut. Inzwischen sind wir dank Meike zu einem guten Team geworden.<\/p>\n<p>Abschlie\u00dfend m\u00f6chte ich sagen, wer eine Reitlehrerin sucht, die \u00fcber den \u201eTellerrand\u201c schaut und sich nicht scheut die Wahrheit auf den Tisch zu bringen. Noch dazu einem mit abwechslungsreichem Training, welches unserer Meinung nach die besten Ans\u00e4tze aller verschiedenen Reitweisen miteinander verbindet unterrichtet, der ist mit Meike genau richtig bedient. Sie versteht es wirklich Pferd und Reiter zu verstehen und miteinander zu verbinden, sodass am Ende eine harmonische Beziehung entsteht wo Reiten beiden Seiten Spa\u00df macht die auch zu den Pferd-Reiterpaaren passt.<\/p>\n<p>Wir danken Meike beide sehr und freuen uns auf viele weitere gemeinsame Jahre mit ihr.<\/p>\n<p style=\"font-weight: 400;\">\u00a0 \u00a0 \u00a0 \u00a0 \u00a0 \u00a0 \u00a0 \u00a0 \u00a0 \u00a0 \u00a0 \u00a0 \u00a0 \u00a0 \u00a0 \u00a0 \u00a0 \u00a0 \u00a0 &#8212;&#8212;&#8212;&#8212;&#8212;&#8212;&#8212;&#8212;&#8212;&#8212;&#8212;&#8212;&#8212;&#8212;&#8212;&#8212;&#8212;&#8211;<\/p>\n<p style=\"font-weight: 400;\">&#8222;Seit November 2018 nehme ich bei Meike Reitunterricht.<\/p>\n<p>Der Unterricht macht viel Spa\u00df, ist super abwechslungsreich und Meike erkl\u00e4rt sehr einleuchtend viele Zusammenh\u00e4nge zwischen Pferd und Reiter.<\/p>\n<p>Bisher hatte ich stets ein Bild meines Pferdes im Kopf wie es sein sollte und was sie zu k\u00f6nnen hat \u2013 zu selten habe ich meine Stute als Ganzes gesehen mit ihren St\u00e4rken und Schw\u00e4chen. Seit ich verst\u00e4rkt auf sie achte , sie sehe, f\u00fchle ich mich ihr anders verbunden und das kleine M\u00e4dchen reagiert meines Erachtens ganz neu auf meine Gegenwart.<\/p>\n<p>Bei dieser Entwicklung hat mich Meike toll unterst\u00fctzt.<\/p>\n<p>Ich hoffe, noch viele weitere tolle Erfahrungen mit meiner Stute erleben zu d\u00fcrfen.&#8220;<\/p>\n<p>( Kundin m\u00f6chte \u00f6ffentlich nicht erw\u00e4hnt werden)<\/p>\n<p>&#8212;&#8212;&#8212;&#8212;&#8212;&#8212;&#8212;&#8212;&#8212;&#8212;&#8212;&#8212;&#8212;&#8212;&#8212;&#8212;&#8212;&#8212;&#8212;&#8212;-<\/p>\n<p>&#8222;Durch Meikes super sympathische, offene Art hat sie einen gleich in ihren Bann gezogen. Mensch und Pferd gleicherma\u00dfen. Schon nach der ersten Unterrichtseinheit konnte ich schon riesen Fortschritte mit den Pferden verzeichnen. Man lernt nicht nur etwas \u00fcber die Pferde, auch \u00fcber seine eigene Pers\u00f6nlichkeit. Meike durchschaut einen innerhalb der ersten Sekunden, erkennt sofort die St\u00e4rken und Schw\u00e4chen im Menschen und im Team Pferd &amp; Mensch,\u00a0 und setzt ihr Trainig dadurch sehr gezielt ein und das mit einem riesigen Erfolg. Es gibt f\u00fcr meine Pferde und mich keine bessere Trainerin!&#8220;<\/p>\n<div>Wencke Staacken, Fockbek<\/div>\n<div><\/div>\n<div>\u00a0 \u00a0 \u00a0 \u00a0 \u00a0 \u00a0 \u00a0 \u00a0 \u00a0 \u00a0 \u00a0 \u00a0 \u00a0 \u00a0 \u00a0 \u00a0 &#8212;&#8212;&#8212;&#8212;&#8212;&#8212;&#8212;&#8212;&#8212;&#8212;&#8212;&#8212;&#8212;&#8212;&#8212;&#8212;&#8212;&#8212;&#8212;&#8212;<\/div>\n<p>&#8222;Das Training mit Meike gestaltet sich nach Leistungsstand von Pferd und Reiter und sie<\/p>\n<p style=\"font-weight: 400;\">erkennt deren St\u00e4rken und Schw\u00e4chen.<\/p>\n<p style=\"font-weight: 400;\">Entweder sie arbeitet mit dir an Dingen, die man verfeinern m\u00f6chte, hat Ideen dazu oder<\/p>\n<p style=\"font-weight: 400;\">sie bringt neue Ideen f\u00fcr das Training mit. Es macht Spa\u00df, mit ihr zu arbeiten, denn sie hat<\/p>\n<p style=\"font-weight: 400;\">eine tolle Art zu motivieren.&#8220; (Natascha)<\/p>\n<p style=\"font-weight: 400;\">\u00a0 \u00a0 \u00a0 \u00a0 \u00a0 \u00a0 \u00a0 \u00a0 \u00a0 \u00a0 \u00a0 \u00a0 \u00a0 \u00a0 \u00a0 \u00a0 \u00a0 \u00a0 \u00a0 \u00a0&#8212;&#8212;&#8212;&#8212;&#8212;&#8212;&#8212;&#8212;&#8212;&#8212;&#8212;&#8212;&#8212;&#8212;&#8212;&#8212;&#8212;&#8211;<\/p>\n<p style=\"font-weight: 400;\">&#8222;Auf meiner Suche nach geeignetem, mobilen Unterricht sowohl am Boden als auch im Sattel bin ich auf Meike aufmerksam geworden. Mit unendlich viel Geduld, Fachwissen und Menschenkenntnis erkl\u00e4rt sie jede Stunde, wie wir unsere Wunschziele erreichen. Ihr Unterrichtsangebot ist sehr vielseitig und abwechslungsreich. Hierbei achtet sie stehts darauf, dass das Pferd nicht \u00fcberfordert wird. Meike schafft es immer, dass ich mit einem guten Gef\u00fchl vom Reitplatz gehe und mich auf die n\u00e4chte Stunde freue. Positiv finde ich auch die angebotenen Kurse, in denen man zus\u00e4tzliches Wissen erwerben kann.&#8220; ( Hanna)<\/p>\n<p>\u00a0 \u00a0 \u00a0 \u00a0 \u00a0 \u00a0 \u00a0 \u00a0 \u00a0 \u00a0 \u00a0 \u00a0 \u00a0 \u00a0 \u00a0 \u00a0 \u00a0 \u00a0 \u00a0 \u00a0 \u00a0 &#8212;&#8212;&#8212;&#8212;&#8212;&#8212;&#8212;&#8212;&#8212;&#8212;&#8212;&#8212;&#8212;&#8212;&#8212;&#8212;&#8212;&#8212;&#8212;&#8212;-<\/p>\n<p>Liebe Meike, ich wei\u00df gar nicht wo ich Anfangen soll &#x1f937;&#x200d;&#x2640;&#x1f601;<br \/>\nAn deinem Unterricht gef\u00e4llt mir&#8230;..<br \/>\nDas du uns genau dort abgeholt hast wo wir waren, keine Unm\u00f6glichen Sachen von uns verlangst.<br \/>\nUns die Zeit gibst die wir brauchen&#8230;keine Berge an Hausaufgaben aufgibst.&#x1f609;<br \/>\nDas du immer p\u00fcnktlich und gut gelaunt zum Unterricht kommst.&#x1f917;<br \/>\nWenn ich mal wieder einen Knoten im Kopf habe, erkl\u00e4rst du es auch 100x und auf verschiedenen Wegen bis der Knoten sich aufl\u00f6st &#x1f62c;&#x1f601;&#x1f643;.<br \/>\nSo richtig gut finde ich, dass du das ganze siehst und damit meine ich z.b. das ein Traber anders ist.&#x1f643;&#x1f605;<br \/>\nDu hast uns schon so sehr geholfen&#x1f618;<\/p>\n<p>Natascha aus Haale<\/p>\n<p style=\"font-weight: 400;\">\n<p style=\"font-weight: 400;\">\n<p style=\"font-weight: 400;\">\n<p style=\"font-weight: 400;\">\n","protected":false},"excerpt":{"rendered":"<p>&#8222;Meike unterrichtet mich seid ca 1,5 Jahren mit meiner 6 j\u00e4hrigen Noriker Stute Lotti. Meike hat ein offenes Ohr f\u00fcr meine Fragen, auch zu vielen Themen um die Reiterei und die Pferdegesundheit wei\u00df sie einen kompetenten Rat zu geben. \u00a0Lotti und ich \u00a0haben gelernt aus dem Schritt anzugaloppieren, Seiteng\u00e4nge zu absolvieren, und \u00a0uns harmonisch in [&hellip;]<\/p>\n","protected":false},"author":2,"featured_media":0,"parent":0,"menu_order":0,"comment_status":"closed","ping_status":"closed","template":"","meta":[],"_links":{"self":[{"href":"http:\/\/www.faszination-pferdundreiterverstehen.de\/index.php?rest_route=\/wp\/v2\/pages\/418"}],"collection":[{"href":"http:\/\/www.faszination-pferdundreiterverstehen.de\/index.php?rest_route=\/wp\/v2\/pages"}],"about":[{"href":"http:\/\/www.faszination-pferdundreiterverstehen.de\/index.php?rest_route=\/wp\/v2\/types\/page"}],"author":[{"embeddable":true,"href":"http:\/\/www.faszination-pferdundreiterverstehen.de\/index.php?rest_route=\/wp\/v2\/users\/2"}],"replies":[{"embeddable":true,"href":"http:\/\/www.faszination-pferdundreiterverstehen.de\/index.php?rest_route=%2Fwp%2Fv2%2Fcomments&post=418"}],"version-history":[{"count":2,"href":"http:\/\/www.faszination-pferdundreiterverstehen.de\/index.php?rest_route=\/wp\/v2\/pages\/418\/revisions"}],"predecessor-version":[{"id":425,"href":"http:\/\/www.faszination-pferdundreiterverstehen.de\/index.php?rest_route=\/wp\/v2\/pages\/418\/revisions\/425"}],"wp:attachment":[{"href":"http:\/\/www.faszination-pferdundreiterverstehen.de\/index.php?rest_route=%2Fwp%2Fv2%2Fmedia&parent=418"}],"curies":[{"name":"wp","href":"https:\/\/api.w.org\/{rel}","templated":true}]}}